{"id":1057,"date":"2024-09-10T21:44:11","date_gmt":"2024-09-10T21:44:11","guid":{"rendered":"https:\/\/www.frankmaherclassicalmusicawards.com\/?page_id=1057"},"modified":"2024-09-13T11:32:25","modified_gmt":"2024-09-13T11:32:25","slug":"press-release-2024","status":"publish","type":"page","link":"https:\/\/www.frankmaherclassicalmusicawards.com\/index.php\/press-release-2024\/","title":{"rendered":"Press Release 2024"},"content":{"rendered":"<h2 style=\"text-align: center;\"><strong>\u20ac5,000 Classical Music Prize for Top Teen Talent<\/strong><\/h2>\n<p>Renowned Cork musician and BBC Philharmonic Orchestra violist R\u00f3isin N\u00ed Dh\u00faill has voiced her support for the <strong>2024 Top Security\/Frank Maher Classical Music Awards<\/strong>, the largest classical music competition for secondary school students in Ireland. The competition offers a \u20ac5,000 prize to the winner, aimed at furthering their musical education and development.<\/p>\n<p><strong><em><img loading=\"lazy\" decoding=\"async\" class=\"size-medium wp-image-351 alignleft\" draggable=\"true\" src=\"https:\/\/www.frankmaherclassicalmusicawards.com\/wp-content\/uploads\/2018\/08\/Maher_Music_Logo_apply-rule-1-262x300.png\" alt=\"\" width=\"262\" height=\"300\" data-bukket-ext-bukket-draggable=\"true\" \/><\/em><\/strong><\/p>\n<p>To launch the call for entries for the 2024 competition, R\u00f3isin N\u00ed Dh\u00faill participated in a photocall held at UCC alongside two talented young teen musicians, R\u00f3is\u00edn Martin, a French Horn student from Mount Mercy College, and Yannick Trillaud Daly, a Trombone student from Col\u00e1iste an Spioraid Naoimh in Cork.<\/p>\n<p>Reflecting on the competition, violist N\u00ed Dh\u00faill remarked: <strong>&#8220;<em>I\u2019m delighted to support the Top Security\/Frank Maher Classical Music Awards as it provides a vital platform for young teenage Irish musicians to showcase their talent and pursue their passion for classical music.&#8221;<\/em><\/strong><\/p>\n<p>Founded in 2001 by Emmet O\u2019Rafferty, chair of the Top Security Group, the Awards honour the legacy of his former teacher, Fr. Frank Maher, a pioneer in nurturing musical talent in Irish secondary schools. The competition expanded to a national scale in 2012.<\/p>\n<p>The 2023 winner, pianist Joe O\u2019Grady from Dublin, is now studying music as part of his Bachelor degree at Harvard University in Massachusetts.<\/p>\n<p>O\u2019Rafferty commented: <em><strong>&#8220;As we celebrate 13 years of the competition going national, we&#8217;re continually amazed by the calibre of teenage talent it attracts. Many of our past winners have gone on to build impressive careers in the field. We&#8217;re grateful to violist R\u00f3isin N\u00ed Dh\u00faill \u00a0of the BBC Philharmonic Orchestra for her support for this year\u2019s competition and eagerly anticipate this year\u2019s talented finalists.&#8221;<\/strong><\/em><\/p>\n<p>The list of past winners is a testament to the competition\u2019s impact on young Irish classical musicians. They include violinists Daimee Ng and Julieanne Forrest, pianists Kevin Jansson and Aidan Chan and cellists Killian White and Sinead O\u2019Halloran. These musicians have received international recognition and used their prize money to further their studies at prestigious institutions that include the Juilliard School, New York, MUK Vienna, Barenboim-Said Akademie in Berlin, Hochschule f\u00fcr Musik und Theater (HfMT) Hamburg and the Royal College of Music in the UK.<\/p>\n<p>Open to sixth-year post-primary students who play string, woodwind, brass instruments, or piano, the \u20ac5,000 prize can be used for attending a recognized place of tuition, a course of study either in Ireland or abroad, or for purchasing an item that will contribute to their musical development. The finalists will receive a \u20ac300 bursary.<\/p>\n<p>The closing date for entries is <strong>Friday, 4th October 2024<\/strong> and competition night is at the end of October.\u00a0 For further details, competition rules, and to download an application form, visit <a href=\"http:\/\/www.frankmaherclassicalmusicawards.com\"><strong>www.frankmaherclassicalmusicawards.com<\/strong><\/a><strong>.<\/strong><\/p>\n\n\n<h2 class=\"wp-block-heading\"><\/h2>\n\n\n\n\n\n<p><\/p>\n\n\n\n<p><\/p>\n","protected":false},"excerpt":{"rendered":"<p>\u20ac5,000 Classical Music Prize for Top Teen Talent Renowned Cork musician and BBC Philharmonic Orchestra violist R\u00f3isin N\u00ed Dh\u00faill has voiced her support for the 2024<span class=\"excerpt-hellip\"> [\u2026]<\/span><\/p>\n","protected":false},"author":1,"featured_media":769,"parent":0,"menu_order":0,"comment_status":"closed","ping_status":"closed","template":"","meta":{"_monsterinsights_skip_tracking":false,"_monsterinsights_sitenote_active":false,"_monsterinsights_sitenote_note":"","_monsterinsights_sitenote_category":0,"footnotes":""},"class_list":["post-1057","page","type-page","status-publish","has-post-thumbnail","hentry"],"_links":{"self":[{"href":"https:\/\/www.frankmaherclassicalmusicawards.com\/index.php\/wp-json\/wp\/v2\/pages\/1057","targetHints":{"allow":["GET"]}}],"collection":[{"href":"https:\/\/www.frankmaherclassicalmusicawards.com\/index.php\/wp-json\/wp\/v2\/pages"}],"about":[{"href":"https:\/\/www.frankmaherclassicalmusicawards.com\/index.php\/wp-json\/wp\/v2\/types\/page"}],"author":[{"embeddable":true,"href":"https:\/\/www.frankmaherclassicalmusicawards.com\/index.php\/wp-json\/wp\/v2\/users\/1"}],"replies":[{"embeddable":true,"href":"https:\/\/www.frankmaherclassicalmusicawards.com\/index.php\/wp-json\/wp\/v2\/comments?post=1057"}],"version-history":[{"count":13,"href":"https:\/\/www.frankmaherclassicalmusicawards.com\/index.php\/wp-json\/wp\/v2\/pages\/1057\/revisions"}],"predecessor-version":[{"id":1073,"href":"https:\/\/www.frankmaherclassicalmusicawards.com\/index.php\/wp-json\/wp\/v2\/pages\/1057\/revisions\/1073"}],"wp:featuredmedia":[{"embeddable":true,"href":"https:\/\/www.frankmaherclassicalmusicawards.com\/index.php\/wp-json\/wp\/v2\/media\/769"}],"wp:attachment":[{"href":"https:\/\/www.frankmaherclassicalmusicawards.com\/index.php\/wp-json\/wp\/v2\/media?parent=1057"}],"curies":[{"name":"wp","href":"https:\/\/api.w.org\/{rel}","templated":true}]}}